{"id":3042,"date":"2018-05-29T16:54:49","date_gmt":"2018-05-29T13:54:49","guid":{"rendered":"https:\/\/www.dining26.fi\/privacy-statement\/"},"modified":"2019-03-18T17:03:39","modified_gmt":"2019-03-18T15:03:39","slug":"privacy-statement","status":"publish","type":"page","link":"https:\/\/www.dining26.fi\/en\/privacy-statement\/","title":{"rendered":"Privacy statement"},"content":{"rendered":"<p>PRIVACY STATEMENT<\/p>\n<p>LePot Yhti\u00f6t Oy (Business ID: 2571845-7 ) is committed to protecting the privacy of our customers. We handle customer data, so we can accept and process bookings and keep in touch with our customers. <\/p>\n<p>In this Privacy Statement, we&#8217;ll give you a closer look at:<\/p>\n<p>\u2022\tWhat kind of data do we process?<br \/>\n\u2022\tFor what purposes do we use the data and what is the legal basis for the processing?<br \/>\n\u2022\tHow long do we keep the data?<br \/>\n\u2022\tWhat kind of influence can you have?<br \/>\n\u2022\tWhere is the data transferred?<br \/>\n\u2022\tWhere is the data delivered?<br \/>\n\u2022\tHow is the data protected?<br \/>\n\u2022\tCan this Privacy Statement be changed?<br \/>\n\u2022\tWhere can a registered person contact you?<\/p>\n<p>What kind of data do we process?<br \/>\nWe typically collect the following data:<br \/>\n\u2022\tName<br \/>\n\u2022\tEmail address<br \/>\n\u2022\tTelephone number<br \/>\n\u2022\tBookings<br \/>\n\u2022\tFeedback and contact information<br \/>\n\u2022\tDirect marketing permits and prohibitions<br \/>\n\u2022\tPossible allergies and wishes to the restaurant<br \/>\nWe will receive your data directly from you through the reservation or another contact.<\/p>\n<p>For what purposes do we use the data and what is the legal basis for the processing?<br \/>\nWe process the data for the following purposes:<\/p>\n<p>\u2022\tImplementing services: We cannot allow making a reservation, invoicing our services, or contacting you without having to process your personal data. In this case, the processing is based on the fulfilment of the contract. When collecting the data, we see to inform you about which information is mandatory for the fulfilment of the contract and which data you can provide if you so wish.<\/p>\n<p>\u2022\tMarketing: We can process your data on your consent to send you direct marketing messages using electronic channels. Based on our legitimate advantage we use the data for phone or mail marketing or marketing based on the work assignments.<\/p>\n<p>\u2022\tStatutory obligation: We may be required to retain some of your personal data in order to comply with accounting or other compelling legislation. In this case, the processing is based on compliance with the statutory obligation.<br \/>\nHow long do we keep the data?<\/p>\n<p>We keep the data indefinitely.<\/p>\n<p>We comply with statutory obligations to retain the data. <\/p>\n<p>If you want to leave our register, you can submit to us a data removal request:  inf&#111;&#64;&#100;&#x69;&#x6e;&#x69;&#x6e;&#x67;&#x32;6&#46;f&#105;<br \/>\nWhat kind of influence does a registered person have?<br \/>\nHere is a list of ways you can influence the collection and processing of data:<\/p>\n<p>\u2022\tVerifying, correcting, and deleting data: You have the right to inspect personal data stored on you. Upon request, we correct, supplement, or remove any faulty, incomplete or outdated personal data for the purposes of processing. <\/p>\n<p>\u2022\tTransferring data: Alternatively, you may also be able to access the personally identifiable information provided by you for transferring, which we automatically process according to consent or agreement, by contacting us.<\/p>\n<p>\u2022\tThe right of the prohibition of direct marketing and related profiling: You may at any time prohibit the disclosure and processing of your data for direct marketing by contacting us at to&#105;&#109;&#105;&#x73;&#x74;&#x6f;&#x40;&#x6b;ul&#105;&#110;&#97;&#x61;&#x72;&#x69;&#x6e;&#x65;ni&#110;&#115;&#116;&#x69;&#x74;&#x75;&#x75;&#x74;ti&#46;&#102;&#105;.<\/p>\n<p>\u2022\tThe right of objection and limitation: You can object to a legitimate interest-based processing based on your personal situation. For example, in such a situation, processing is limited for the duration of evaluating the grounds for objecting to the processing. The processing can also be limited to, e.g., when the registered person disputes the accuracy of the personal data, limiting the processing to the time during which we can verify the accuracy of the data.<\/p>\n<p>\u2022\tWithdrawal of consent: You can withdraw your consent at any time by contacting our customer service or by other specially provided means. You can withdraw your direct marketing consent by clicking on the link at the end of the message or by contacting us.<\/p>\n<p>\u2022\tThe right of appeal: You can file a complaint with the authority if you consider that your data has been processed in breach of this Privacy Statement and any applicable legislation.<\/p>\n<p>Where is the data transferred?<br \/>\nWe use subcontractors to process data, so we guarantee by contractual arrangements that data will be processed in accordance with current legislation. Some of our partners may be located outside the EU or the EEA. If we transfer data outside the EU or the EEA, we will ensure a sufficient level of protection of personal data, inter alia by agreeing on the confidentiality and processing of personal data as required by law. <\/p>\n<p>Where is the data delivered?<\/p>\n<p>\u2022\tAuthorities: We may disclose your personal data in the manner required by the competent authorities, in accordance with current legislation.<\/p>\n<p>\u2022\tConsent: We may disclose your data to third parties if you have given your consent.<\/p>\n<p>\u2022\tMergers and acquisitions: If we sell, merge or otherwise reorganize our business, your personal data may be disclosed to buyers and their advisers.<\/p>\n<p>\u2022\tCollection and legal proceedings: We may disclose your personal data to third parties if it is necessary for the performance of the contract, for the purpose of collecting claims, investigating potential violations, or creating, presenting, or defending legal proceedings.<\/p>\n<p>How is the data protected?<br \/>\nWe use appropriate technical and organizational security tools to protect your personal data against unauthorized processing. Such tools include the use of firewalls and cryptographic techniques, proper access control, limited access rights, guidance for personnel involved in personal processing data and careful selection of subcontractors.<\/p>\n<p>Can this Privacy Statement be changed?<br \/>\nWe are constantly developing our services, and we can change this Privacy Statement. Changes may also be based on changes in legislation. We recommend reviewing the content of the Privacy Statement regularly. <\/p>\n<p>The Privacy Statement was last updated on May 21, 2018, due to EU data protection reform.<\/p>\n<p>Where can you contact us? <\/p>\n<p>Registrar: LePot yhti\u00f6t OY \/ Dining 26 By Arto Rastas<br \/>\nBusiness ID 2571845-7<br \/>\nAddress: Aleksanterinkatu 26 33100 Tampere<br \/>\nContact person: Restaurant Manager<br \/>\nContact person\u2019s contact information: &#x69;&#110;&#x66;&#111;&#64;&#x64;&#105;n&#x69;&#110;&#x67;&#x32;6&#x2e;&#102;i<br \/>\nPhone: +358503304100<\/p>\n<p>Rekisterinpit\u00e4j\u00e4: LePot yhti\u00f6t OY \/ Dining 26 By Arto Rastas<\/p>\n","protected":false},"excerpt":{"rendered":"<p>PRIVACY STATEMENT LePot Yhti\u00f6t Oy (Business ID: 2571845-7 ) is committed to protecting the privacy of our customers. We handle customer data, so we can accept and process bookings and keep in touch with our customers. In this Privacy Statement, we&#8217;ll give you a closer look at: \u2022 What kind of data do we process? [&hellip;]<\/p>\n","protected":false},"author":1,"featured_media":0,"parent":0,"menu_order":0,"comment_status":"closed","ping_status":"closed","template":"","meta":{"_et_pb_use_builder":"","_et_pb_old_content":"","_et_gb_content_width":"","footnotes":""},"class_list":["post-3042","page","type-page","status-publish","hentry"],"yoast_head":"<!-- This site is optimized with the Yoast SEO plugin v27.5 - https:\/\/yoast.com\/product\/yoast-seo-wordpress\/ -->\n<title>Privacy statement - Dining 26 by Arto Rastas<\/title>\n<meta name=\"robots\" content=\"index, follow, max-snippet:-1, max-image-preview:large, max-video-preview:-1\" \/>\n<link rel=\"canonical\" href=\"https:\/\/www.dining26.fi\/en\/privacy-statement\/\" \/>\n<meta property=\"og:locale\" content=\"en_US\" \/>\n<meta property=\"og:type\" content=\"article\" \/>\n<meta property=\"og:title\" content=\"Privacy statement - Dining 26 by Arto Rastas\" \/>\n<meta property=\"og:description\" content=\"PRIVACY STATEMENT LePot Yhti\u00f6t Oy (Business ID: 2571845-7 ) is committed to protecting the privacy of our customers. We handle customer data, so we can accept and process bookings and keep in touch with our customers. In this Privacy Statement, we&#8217;ll give you a closer look at: \u2022 What kind of data do we process? [&hellip;]\" \/>\n<meta property=\"og:url\" content=\"https:\/\/www.dining26.fi\/en\/privacy-statement\/\" \/>\n<meta property=\"og:site_name\" content=\"Dining 26 by Arto Rastas\" \/>\n<meta property=\"article:publisher\" content=\"https:\/\/www.facebook.com\/Dining-26-By-Arto-Rastas-149963725363766\/\" \/>\n<meta property=\"article:modified_time\" content=\"2019-03-18T15:03:39+00:00\" \/>\n<meta property=\"og:image\" content=\"https:\/\/www.dining26.fi\/wp-content\/uploads\/2016\/01\/dining26_retina_new_big.png\" \/>\n\t<meta property=\"og:image:width\" content=\"611\" \/>\n\t<meta property=\"og:image:height\" content=\"240\" \/>\n\t<meta property=\"og:image:type\" content=\"image\/png\" \/>\n<meta name=\"twitter:card\" content=\"summary_large_image\" \/>\n<meta name=\"twitter:label1\" content=\"Est. reading time\" \/>\n\t<meta name=\"twitter:data1\" content=\"5 minutes\" \/>\n<script type=\"application\/ld+json\" class=\"yoast-schema-graph\">{\"@context\":\"https:\\\/\\\/schema.org\",\"@graph\":[{\"@type\":\"WebPage\",\"@id\":\"https:\\\/\\\/www.dining26.fi\\\/en\\\/privacy-statement\\\/\",\"url\":\"https:\\\/\\\/www.dining26.fi\\\/en\\\/privacy-statement\\\/\",\"name\":\"Privacy statement - Dining 26 by Arto Rastas\",\"isPartOf\":{\"@id\":\"https:\\\/\\\/www.dining26.fi\\\/#website\"},\"datePublished\":\"2018-05-29T13:54:49+00:00\",\"dateModified\":\"2019-03-18T15:03:39+00:00\",\"breadcrumb\":{\"@id\":\"https:\\\/\\\/www.dining26.fi\\\/en\\\/privacy-statement\\\/#breadcrumb\"},\"inLanguage\":\"en-US\",\"potentialAction\":[{\"@type\":\"ReadAction\",\"target\":[\"https:\\\/\\\/www.dining26.fi\\\/en\\\/privacy-statement\\\/\"]}]},{\"@type\":\"BreadcrumbList\",\"@id\":\"https:\\\/\\\/www.dining26.fi\\\/en\\\/privacy-statement\\\/#breadcrumb\",\"itemListElement\":[{\"@type\":\"ListItem\",\"position\":1,\"name\":\"Home\",\"item\":\"https:\\\/\\\/www.dining26.fi\\\/en\\\/\"},{\"@type\":\"ListItem\",\"position\":2,\"name\":\"Privacy statement\"}]},{\"@type\":\"WebSite\",\"@id\":\"https:\\\/\\\/www.dining26.fi\\\/#website\",\"url\":\"https:\\\/\\\/www.dining26.fi\\\/\",\"name\":\"Dining 26 by Arto Rastas\",\"description\":\"V\u00e4limeren makuja\",\"publisher\":{\"@id\":\"https:\\\/\\\/www.dining26.fi\\\/#organization\"},\"potentialAction\":[{\"@type\":\"SearchAction\",\"target\":{\"@type\":\"EntryPoint\",\"urlTemplate\":\"https:\\\/\\\/www.dining26.fi\\\/?s={search_term_string}\"},\"query-input\":{\"@type\":\"PropertyValueSpecification\",\"valueRequired\":true,\"valueName\":\"search_term_string\"}}],\"inLanguage\":\"en-US\"},{\"@type\":\"Organization\",\"@id\":\"https:\\\/\\\/www.dining26.fi\\\/#organization\",\"name\":\"Dining26\",\"url\":\"https:\\\/\\\/www.dining26.fi\\\/\",\"logo\":{\"@type\":\"ImageObject\",\"inLanguage\":\"en-US\",\"@id\":\"https:\\\/\\\/www.dining26.fi\\\/#\\\/schema\\\/logo\\\/image\\\/\",\"url\":\"https:\\\/\\\/www.dining26.fi\\\/wp-content\\\/uploads\\\/2016\\\/01\\\/dining26_retina_new_big.png\",\"contentUrl\":\"https:\\\/\\\/www.dining26.fi\\\/wp-content\\\/uploads\\\/2016\\\/01\\\/dining26_retina_new_big.png\",\"width\":611,\"height\":240,\"caption\":\"Dining26\"},\"image\":{\"@id\":\"https:\\\/\\\/www.dining26.fi\\\/#\\\/schema\\\/logo\\\/image\\\/\"},\"sameAs\":[\"https:\\\/\\\/www.facebook.com\\\/Dining-26-By-Arto-Rastas-149963725363766\\\/\"]}]}<\/script>\n<!-- \/ Yoast SEO plugin. -->","yoast_head_json":{"title":"Privacy statement - Dining 26 by Arto Rastas","robots":{"index":"index","follow":"follow","max-snippet":"max-snippet:-1","max-image-preview":"max-image-preview:large","max-video-preview":"max-video-preview:-1"},"canonical":"https:\/\/www.dining26.fi\/en\/privacy-statement\/","og_locale":"en_US","og_type":"article","og_title":"Privacy statement - Dining 26 by Arto Rastas","og_description":"PRIVACY STATEMENT LePot Yhti\u00f6t Oy (Business ID: 2571845-7 ) is committed to protecting the privacy of our customers. We handle customer data, so we can accept and process bookings and keep in touch with our customers. In this Privacy Statement, we&#8217;ll give you a closer look at: \u2022 What kind of data do we process? [&hellip;]","og_url":"https:\/\/www.dining26.fi\/en\/privacy-statement\/","og_site_name":"Dining 26 by Arto Rastas","article_publisher":"https:\/\/www.facebook.com\/Dining-26-By-Arto-Rastas-149963725363766\/","article_modified_time":"2019-03-18T15:03:39+00:00","og_image":[{"width":611,"height":240,"url":"https:\/\/www.dining26.fi\/wp-content\/uploads\/2016\/01\/dining26_retina_new_big.png","type":"image\/png"}],"twitter_card":"summary_large_image","twitter_misc":{"Est. reading time":"5 minutes"},"schema":{"@context":"https:\/\/schema.org","@graph":[{"@type":"WebPage","@id":"https:\/\/www.dining26.fi\/en\/privacy-statement\/","url":"https:\/\/www.dining26.fi\/en\/privacy-statement\/","name":"Privacy statement - Dining 26 by Arto Rastas","isPartOf":{"@id":"https:\/\/www.dining26.fi\/#website"},"datePublished":"2018-05-29T13:54:49+00:00","dateModified":"2019-03-18T15:03:39+00:00","breadcrumb":{"@id":"https:\/\/www.dining26.fi\/en\/privacy-statement\/#breadcrumb"},"inLanguage":"en-US","potentialAction":[{"@type":"ReadAction","target":["https:\/\/www.dining26.fi\/en\/privacy-statement\/"]}]},{"@type":"BreadcrumbList","@id":"https:\/\/www.dining26.fi\/en\/privacy-statement\/#breadcrumb","itemListElement":[{"@type":"ListItem","position":1,"name":"Home","item":"https:\/\/www.dining26.fi\/en\/"},{"@type":"ListItem","position":2,"name":"Privacy statement"}]},{"@type":"WebSite","@id":"https:\/\/www.dining26.fi\/#website","url":"https:\/\/www.dining26.fi\/","name":"Dining 26 by Arto Rastas","description":"V\u00e4limeren makuja","publisher":{"@id":"https:\/\/www.dining26.fi\/#organization"},"potentialAction":[{"@type":"SearchAction","target":{"@type":"EntryPoint","urlTemplate":"https:\/\/www.dining26.fi\/?s={search_term_string}"},"query-input":{"@type":"PropertyValueSpecification","valueRequired":true,"valueName":"search_term_string"}}],"inLanguage":"en-US"},{"@type":"Organization","@id":"https:\/\/www.dining26.fi\/#organization","name":"Dining26","url":"https:\/\/www.dining26.fi\/","logo":{"@type":"ImageObject","inLanguage":"en-US","@id":"https:\/\/www.dining26.fi\/#\/schema\/logo\/image\/","url":"https:\/\/www.dining26.fi\/wp-content\/uploads\/2016\/01\/dining26_retina_new_big.png","contentUrl":"https:\/\/www.dining26.fi\/wp-content\/uploads\/2016\/01\/dining26_retina_new_big.png","width":611,"height":240,"caption":"Dining26"},"image":{"@id":"https:\/\/www.dining26.fi\/#\/schema\/logo\/image\/"},"sameAs":["https:\/\/www.facebook.com\/Dining-26-By-Arto-Rastas-149963725363766\/"]}]}},"_links":{"self":[{"href":"https:\/\/www.dining26.fi\/en\/wp-json\/wp\/v2\/pages\/3042","targetHints":{"allow":["GET"]}}],"collection":[{"href":"https:\/\/www.dining26.fi\/en\/wp-json\/wp\/v2\/pages"}],"about":[{"href":"https:\/\/www.dining26.fi\/en\/wp-json\/wp\/v2\/types\/page"}],"author":[{"embeddable":true,"href":"https:\/\/www.dining26.fi\/en\/wp-json\/wp\/v2\/users\/1"}],"replies":[{"embeddable":true,"href":"https:\/\/www.dining26.fi\/en\/wp-json\/wp\/v2\/comments?post=3042"}],"version-history":[{"count":1,"href":"https:\/\/www.dining26.fi\/en\/wp-json\/wp\/v2\/pages\/3042\/revisions"}],"predecessor-version":[{"id":3156,"href":"https:\/\/www.dining26.fi\/en\/wp-json\/wp\/v2\/pages\/3042\/revisions\/3156"}],"wp:attachment":[{"href":"https:\/\/www.dining26.fi\/en\/wp-json\/wp\/v2\/media?parent=3042"}],"curies":[{"name":"wp","href":"https:\/\/api.w.org\/{rel}","templated":true}]}}